{"id":15,"date":"2017-07-21T11:37:47","date_gmt":"2017-07-21T09:37:47","guid":{"rendered":"http:\/\/172.18.1.104\/?page_id=15"},"modified":"2025-08-05T10:48:49","modified_gmt":"2025-08-05T08:48:49","slug":"kontakt-os","status":"publish","type":"page","link":"https:\/\/www.tjrideskole.dk\/index.php\/kontakt-os\/","title":{"rendered":"Kontakt os"},"content":{"rendered":"<div class=\"wpb-content-wrapper\"><p>[vc_row source=&#8221;&#8221; text=&#8221;Tilmeldings formular&#8221; font_container=&#8221;tag:h2|text_align:left|color:%236b6b6b&#8221; use_theme_fonts=&#8221;yes&#8221; google_fonts=&#8221;font_family:Abril%20Fatface%3Aregular|font_style:400%20regular%3A400%3Anormal&#8221; link=&#8221;&#8221;][vc_column][vc_custom_heading text=&#8221;Kontakt Tj\u00e6reborg Rideskole direkte&#8221; font_container=&#8221;tag:h2|text_align:left|color:%236b6b6b&#8221; use_theme_fonts=&#8221;yes&#8221;]\n<div class=\"wpcf7 no-js\" id=\"wpcf7-f98-o1\" lang=\"da-DK\" dir=\"ltr\" data-wpcf7-id=\"98\">\n<div class=\"screen-reader-response\"><p role=\"status\" aria-live=\"polite\" aria-atomic=\"true\"><\/p> <ul><\/ul><\/div>\n<form action=\"\/index.php\/wp-json\/wp\/v2\/pages\/15#wpcf7-f98-o1\" method=\"post\" class=\"wpcf7-form init\" aria-label=\"Kontaktformular\" novalidate=\"novalidate\" data-status=\"init\">\n<fieldset class=\"hidden-fields-container\"><input type=\"hidden\" name=\"_wpcf7\" value=\"98\" \/><input type=\"hidden\" name=\"_wpcf7_version\" value=\"6.1.5\" \/><input type=\"hidden\" name=\"_wpcf7_locale\" value=\"da_DK\" \/><input type=\"hidden\" name=\"_wpcf7_unit_tag\" value=\"wpcf7-f98-o1\" \/><input type=\"hidden\" name=\"_wpcf7_container_post\" value=\"0\" \/><input type=\"hidden\" name=\"_wpcf7_posted_data_hash\" value=\"\" \/>\n<\/fieldset>\n<p><label> Dit navn <span style=\"color:red;\">*<\/span><br \/>\n<span class=\"wpcf7-form-control-wrap\" data-name=\"your-name\"><input size=\"40\" maxlength=\"400\" class=\"wpcf7-form-control wpcf7-text wpcf7-validates-as-required\" aria-required=\"true\" aria-invalid=\"false\" value=\"\" type=\"text\" name=\"your-name\" \/><\/span> <\/label>\n<\/p>\n<p><label> Din E-mail <span style=\"color:red;\">*<\/span><br \/>\n<span class=\"wpcf7-form-control-wrap\" data-name=\"your-email\"><input size=\"40\" maxlength=\"400\" class=\"wpcf7-form-control wpcf7-email wpcf7-validates-as-required wpcf7-text wpcf7-validates-as-email\" aria-required=\"true\" aria-invalid=\"false\" value=\"\" type=\"email\" name=\"your-email\" \/><\/span> <\/label>\n<\/p>\n<p><label> Emne<br \/>\n<span class=\"wpcf7-form-control-wrap\" data-name=\"your-subject\"><input size=\"40\" maxlength=\"400\" class=\"wpcf7-form-control wpcf7-text\" aria-invalid=\"false\" value=\"\" type=\"text\" name=\"your-subject\" \/><\/span> <\/label>\n<\/p>\n<p><label> Besked<br \/>\n<span class=\"wpcf7-form-control-wrap\" data-name=\"your-message\"><textarea cols=\"40\" rows=\"10\" maxlength=\"2000\" class=\"wpcf7-form-control wpcf7-textarea\" aria-invalid=\"false\" name=\"your-message\"><\/textarea><\/span> <\/label>\n<\/p>\n<div style=\"padding:10px 0px 0px 0px;\">\n\t<p><span class=\"wpcf7-form-control-wrap\" data-name=\"acceptance-444\"><span class=\"wpcf7-form-control wpcf7-acceptance\"><span class=\"wpcf7-list-item\"><label><input type=\"checkbox\" name=\"acceptance-444\" value=\"1\" aria-invalid=\"false\" \/><span class=\"wpcf7-list-item-label\">Jeg giver samtykke til at Tj\u00e6reborg Rideskole m\u00e5 opbevare mine kontaktoplysninger og m\u00e5 kontakte mig vedr. denne sag.<\/span><\/label><\/span><\/span><\/span><br \/>\n\t<div class=\"wpcf7-turnstile cf-turnstile\" data-sitekey=\"0x4AAAAAABogFBMjeG0_76JZ\" data-response-field-name=\"_wpcf7_turnstile_response\"><\/div>\n<\/div>\n<div style=\"padding:20px 0px 0px 0px;\">\n\t<p><input class=\"wpcf7-form-control wpcf7-submit has-spinner\" type=\"submit\" value=\"Send\" \/>\n\t<\/p>\n<\/div><p style=\"display: none !important;\" class=\"akismet-fields-container\" data-prefix=\"_wpcf7_ak_\"><label>&#916;<textarea name=\"_wpcf7_ak_hp_textarea\" cols=\"45\" rows=\"8\" maxlength=\"100\"><\/textarea><\/label><input type=\"hidden\" id=\"ak_js_1\" name=\"_wpcf7_ak_js\" value=\"197\"\/><script>document.getElementById( \"ak_js_1\" ).setAttribute( \"value\", ( new Date() ).getTime() );<\/script><\/p><div class=\"wpcf7-response-output\" aria-hidden=\"true\"><\/div>\n<\/form>\n<\/div>\n[\/vc_column][\/vc_row][vc_row][vc_column offset=&#8221;vc_hidden-md vc_hidden-sm vc_hidden-xs&#8221;][vc_empty_space height=&#8221;15px&#8221;][\/vc_column][\/vc_row][vc_row][vc_column][vc_custom_heading text=&#8221;Tj\u00e6reborg Rideskole information&#8221; font_container=&#8221;tag:h2|text_align:left|color:%236b6b6b&#8221; use_theme_fonts=&#8221;yes&#8221; css=&#8221;.vc_custom_1754383715209{margin-top: 30px !important;}&#8221;][vc_row_inner][vc_column_inner width=&#8221;1\/2&#8243;][vc_column_text css=&#8221;.vc_custom_1580721354904{margin-top: 20px !important;margin-right: 20px !important;margin-bottom: 20px !important;margin-left: 20px !important;}&#8221;]Tj\u00e6reborg Rideskole information<\/p>\n<p><strong>Adresse:<\/strong><br \/>\nK\u00e6rvej 19<br \/>\n6731 Tj\u00e6reborg<\/p>\n<p><strong>E-mail: <\/strong>s.sorensen@tjrideskole.dk<\/p>\n<p><strong>Daglig leder: <\/strong>Sandra S\u00f8rensen: 24 28 78 39[\/vc_column_text][\/vc_column_inner][vc_column_inner width=&#8221;1\/2&#8243;][vc_gmaps link=&#8221;#E-8_JTNDaWZyYW1lJTIwc3JjJTNEJTIyaHR0cHMlM0ElMkYlMkZ3d3cuZ29vZ2xlLmNvbSUyRm1hcHMlMkZlbWJlZCUzRnBiJTNEJTIxMW0xOCUyMTFtMTIlMjExbTMlMjExZDI2MzQuOTQxOTgzMjA1MzQ1NCUyMTJkOC41NjgxNzE1NTIxMTYzNjYlMjEzZDU1LjQ2NjcwMjU5NzkyNDk2NCUyMTJtMyUyMTFmMCUyMTJmMCUyMTNmMCUyMTNtMiUyMTFpMTAyNCUyMTJpNzY4JTIxNGYxMy4xJTIxM20zJTIxMW0yJTIxMXMweDQ2NGIyMzgyZjVhZWM0ZWYlMjUzQTB4NWZlOGQwYWRmMTQzYTNmNCUyMTJ6TlRYQ3NESTNKelU1TGpRaVRpQTR3ckF6TkNjeE1pNHlJa1UlMjE1ZTElMjEzbTIlMjExc2RhJTIxMnNkayUyMTR2MTU4MTA2MDQyMTQ5NiUyMTVtMiUyMTFzZGElMjEyc2RrJTIyJTIwd2lkdGglM0QlMjI2MDAlMjIlMjBoZWlnaHQlM0QlMjI0MDAlMjIlMjBmcmFtZWJvcmRlciUzRCUyMjAlMjIlMjBzdHlsZSUzRCUyMmJvcmRlciUzQTAlM0IlMjIlMjBhbGxvd2Z1bGxzY3JlZW4lM0QlMjIlMjIlM0UlM0MlMkZpZnJhbWUlM0U=&#8221;][\/vc_column_inner][\/vc_row_inner][\/vc_column][\/vc_row]<\/p>\n<\/div>","protected":false},"excerpt":{"rendered":"<p>[vc_row source=&#8221;&#8221; text=&#8221;Tilmeldings formular&#8221; font_container=&#8221;tag:h2|text_align:left|color:%236b6b6b&#8221; use_theme_fonts=&#8221;yes&#8221; google_fonts=&#8221;font_family:Abril%20Fatface%3Aregular|font_style:400%20regular%3A400%3Anormal&#8221; link=&#8221;&#8221;][vc_column][vc_custom_heading text=&#8221;Kontakt Tj\u00e6reborg Rideskole direkte&#8221; font_container=&#8221;tag:h2|text_align:left|color:%236b6b6b&#8221; use_theme_fonts=&#8221;yes&#8221;][\/vc_column][\/vc_row][vc_row][vc_column offset=&#8221;vc_hidden-md vc_hidden-sm vc_hidden-xs&#8221;][vc_empty_space height=&#8221;15px&#8221;][\/vc_column][\/vc_row][vc_row][vc_column][vc_custom_heading text=&#8221;Tj\u00e6reborg Rideskole information&#8221; font_container=&#8221;tag:h2|text_align:left|color:%236b6b6b&#8221; use_theme_fonts=&#8221;yes&#8221; css=&#8221;.vc_custom_1754383715209{margin-top: 30px !important;}&#8221;][vc_row_inner][vc_column_inner width=&#8221;1\/2&#8243;][vc_column_text css=&#8221;.vc_custom_1580721354904{margin-top: 20px !important;margin-right: 20px !important;margin-bottom: 20px !important;margin-left: 20px !important;}&#8221;]Tj\u00e6reborg Rideskole information Adresse: K\u00e6rvej 19 6731 Tj\u00e6reborg E-mail: s.sorensen@tjrideskole.dk Daglig leder: Sandra S\u00f8rensen: 24 28 78 39[\/vc_column_text][\/vc_column_inner][vc_column_inner width=&#8221;1\/2&#8243;][vc_gmaps link=&#8221;#E-8_JTNDaWZyYW1lJTIwc3JjJTNEJTIyaHR0cHMlM0ElMkYlMkZ3d3cuZ29vZ2xlLmNvbSUyRm1hcHMlMkZlbWJlZCUzRnBiJTNEJTIxMW0xOCUyMTFtMTIlMjExbTMlMjExZDI2MzQuOTQxOTgzMjA1MzQ1NCUyMTJkOC41NjgxNzE1NTIxMTYzNjYlMjEzZDU1LjQ2NjcwMjU5NzkyNDk2NCUyMTJtMyUyMTFmMCUyMTJmMCUyMTNmMCUyMTNtMiUyMTFpMTAyNCUyMTJpNzY4JTIxNGYxMy4xJTIxM20zJTIxMW0yJTIxMXMweDQ2NGIyMzgyZjVhZWM0ZWYlMjUzQTB4NWZlOGQwYWRmMTQzYTNmNCUyMTJ6TlRYQ3NESTNKelU1TGpRaVRpQTR3ckF6TkNjeE1pNHlJa1UlMjE1ZTElMjEzbTIlMjExc2RhJTIxMnNkayUyMTR2MTU4MTA2MDQyMTQ5NiUyMTVtMiUyMTFzZGElMjEyc2RrJTIyJTIwd2lkdGglM0QlMjI2MDAlMjIlMjBoZWlnaHQlM0QlMjI0MDAlMjIlMjBmcmFtZWJvcmRlciUzRCUyMjAlMjIlMjBzdHlsZSUzRCUyMmJvcmRlciUzQTAlM0IlMjIlMjBhbGxvd2Z1bGxzY3JlZW4lM0QlMjIlMjIlM0UlM0MlMkZpZnJhbWUlM0U=&#8221;][\/vc_column_inner][\/vc_row_inner][\/vc_column][\/vc_row]<\/p>\n","protected":false},"author":2,"featured_media":0,"parent":0,"menu_order":0,"comment_status":"closed","ping_status":"closed","template":"","meta":{"footnotes":""},"class_list":["post-15","page","type-page","status-publish","hentry","description-off"],"_links":{"self":[{"href":"https:\/\/www.tjrideskole.dk\/index.php\/wp-json\/wp\/v2\/pages\/15","targetHints":{"allow":["GET"]}}],"collection":[{"href":"https:\/\/www.tjrideskole.dk\/index.php\/wp-json\/wp\/v2\/pages"}],"about":[{"href":"https:\/\/www.tjrideskole.dk\/index.php\/wp-json\/wp\/v2\/types\/page"}],"author":[{"embeddable":true,"href":"https:\/\/www.tjrideskole.dk\/index.php\/wp-json\/wp\/v2\/users\/2"}],"replies":[{"embeddable":true,"href":"https:\/\/www.tjrideskole.dk\/index.php\/wp-json\/wp\/v2\/comments?post=15"}],"version-history":[{"count":16,"href":"https:\/\/www.tjrideskole.dk\/index.php\/wp-json\/wp\/v2\/pages\/15\/revisions"}],"predecessor-version":[{"id":1300,"href":"https:\/\/www.tjrideskole.dk\/index.php\/wp-json\/wp\/v2\/pages\/15\/revisions\/1300"}],"wp:attachment":[{"href":"https:\/\/www.tjrideskole.dk\/index.php\/wp-json\/wp\/v2\/media?parent=15"}],"curies":[{"name":"wp","href":"https:\/\/api.w.org\/{rel}","templated":true}]}}