{"id":21,"date":"2017-07-21T11:38:30","date_gmt":"2017-07-21T09:38:30","guid":{"rendered":"http:\/\/172.18.1.104\/?page_id=21"},"modified":"2020-02-12T13:14:28","modified_gmt":"2020-02-12T12:14:28","slug":"nyheder","status":"publish","type":"page","link":"https:\/\/www.tjrideskole.dk\/index.php\/nyheder\/","title":{"rendered":"Nyheder"},"content":{"rendered":"<div class=\"wpb-content-wrapper\"><p>[vc_row css=&#8221;.vc_custom_1581508378904{margin-bottom: 30px !important;}&#8221;][vc_column css=&#8221;.vc_custom_1581508366384{background-color: #f8f8f8 !important;}&#8221;][vc_custom_heading text=&#8221;Tj\u00e6reborg Rideskole s\u00f8ger ny samarbejdspartner&#8221; font_container=&#8221;tag:h3|text_align:left&#8221; google_fonts=&#8221;font_family:Roboto%3A100%2C100italic%2C300%2C300italic%2Cregular%2Citalic%2C500%2C500italic%2C700%2C700italic%2C900%2C900italic|font_style:700%20bold%20regular%3A700%3Anormal&#8221; css=&#8221;.vc_custom_1581508233673{margin-left: 30px !important;}&#8221; link=&#8221;url:http%3A%2F%2Fwww.tjrideskole.dk%2Findex.php%2Ftjaereborg-rideskole-soeger-ny-samarbejdspartner%2F|title:Tj%C3%A6reborg%20Rideskole%20s%C3%B8ger%20ny%20samarbejdspartner||&#8221;][vc_column_text css=&#8221;.vc_custom_1581509666590{margin-left: 30px !important;}&#8221;]<\/p>\n<h6><span style=\"color: #b8b8b8;\">12. februar 2020<\/span><\/h6>\n<p>Tj\u00e6reborg Rideskole s\u00f8ger en ny samarbejdspartner til undervisning af opstaldede og udefrakommende ryttere.<br \/>\nEr du en frisk berider, med eget initiativ, og lyst til at k\u00f8re egen forretning ud fra Tj\u00e6reborg Rideskoles faciliteter<br \/>\n<a href=\"https:\/\/www.tjrideskole.dk\/index.php\/tjaereborg-rideskole-soeger-ny-samarbejdspartner\/\"><strong>S\u00e5 se her&#8230;..<\/strong><\/a>[\/vc_column_text]<style type=\"text\/css\" data-type=\"the7_shortcodes-inline-css\">.blog-shortcode.blog-list-shortcode-id-0f2691ce502f8783ba18e05ccdb03809.dividers-on.classic-layout-list article {\n  margin-top: 40px;\n  padding-top: 0;\n}\n.blog-shortcode.blog-list-shortcode-id-0f2691ce502f8783ba18e05ccdb03809.dividers-on.classic-layout-list article:first-of-type {\n  margin-top: 0;\n  padding-top: 0;\n}\n.blog-shortcode.blog-list-shortcode-id-0f2691ce502f8783ba18e05ccdb03809.classic-layout-list.mode-list .post-thumbnail-wrap {\n  width: 50%;\n}\n.blog-shortcode.blog-list-shortcode-id-0f2691ce502f8783ba18e05ccdb03809.classic-layout-list.mode-list .post-entry-content {\n  width: calc(100% - 50%);\n}\n.blog-shortcode.blog-list-shortcode-id-0f2691ce502f8783ba18e05ccdb03809.classic-layout-list.mode-list .no-img .post-entry-content {\n  width: 100%;\n}\n.blog-shortcode.blog-list-shortcode-id-0f2691ce502f8783ba18e05ccdb03809 .filter-bg-decoration .filter-categories a.act {\n  color: #fff;\n}\n.blog-shortcode.blog-list-shortcode-id-0f2691ce502f8783ba18e05ccdb03809:not(.mode-masonry) article {\n  margin-top: 40px;\n}\n.blog-shortcode.blog-list-shortcode-id-0f2691ce502f8783ba18e05ccdb03809:not(.mode-masonry) article:first-of-type,\n.blog-shortcode.blog-list-shortcode-id-0f2691ce502f8783ba18e05ccdb03809:not(.mode-masonry) article.visible.first:not(.product) {\n  margin-top: 0;\n}\n.blog-shortcode.blog-list-shortcode-id-0f2691ce502f8783ba18e05ccdb03809.dividers-on:not(.mode-masonry) article {\n  margin-top: 0;\n  padding-top: 40px;\n}\n.blog-shortcode.blog-list-shortcode-id-0f2691ce502f8783ba18e05ccdb03809.dividers-on:not(.mode-masonry) article:first-of-type,\n.blog-shortcode.blog-list-shortcode-id-0f2691ce502f8783ba18e05ccdb03809.dividers-on:not(.mode-masonry) article.visible.first:not(.product) {\n  margin-top: 0;\n  padding-top: 0;\n}\n.blog-shortcode.blog-list-shortcode-id-0f2691ce502f8783ba18e05ccdb03809 .post-thumbnail-wrap {\n  padding: 0px 0px 0px 0px;\n}\n.blog-shortcode.blog-list-shortcode-id-0f2691ce502f8783ba18e05ccdb03809.enable-bg-rollover .post-thumbnail-rollover:after {\n  background: -webkit-linear-gradient();\n  background: linear-gradient();\n}\n.blog-shortcode.blog-list-shortcode-id-0f2691ce502f8783ba18e05ccdb03809 .gallery-zoom-ico {\n  width: 44px;\n  height: 44px;\n  line-height: 44px;\n  border-radius: 100px;\n  margin: -22px 0 0 -22px;\n  border-width: 0px;\n  color: #ffffff;\n}\n.bottom-overlap-layout-list.blog-shortcode.blog-list-shortcode-id-0f2691ce502f8783ba18e05ccdb03809 .gallery-zoom-ico {\n  margin-top: -22px;\n}\n.gradient-overlay-layout-list.blog-shortcode.blog-list-shortcode-id-0f2691ce502f8783ba18e05ccdb03809 .gallery-zoom-ico,\n.content-rollover-layout-list.blog-shortcode.blog-list-shortcode-id-0f2691ce502f8783ba18e05ccdb03809 .gallery-zoom-ico {\n  margin: 0 0 10px;\n}\n.content-align-center.gradient-overlay-layout-list.blog-shortcode.blog-list-shortcode-id-0f2691ce502f8783ba18e05ccdb03809 .gallery-zoom-ico,\n.content-align-center.content-rollover-layout-list.blog-shortcode.blog-list-shortcode-id-0f2691ce502f8783ba18e05ccdb03809 .gallery-zoom-ico {\n  margin: 0 auto 10px;\n}\n.dt-icon-bg-on.blog-shortcode.blog-list-shortcode-id-0f2691ce502f8783ba18e05ccdb03809 .gallery-zoom-ico {\n  background: rgba(255,255,255,0.3);\n  box-shadow: none;\n}\n.blog-shortcode.blog-list-shortcode-id-0f2691ce502f8783ba18e05ccdb03809 .gallery-zoom-ico > span,\n.blog-shortcode.blog-list-shortcode-id-0f2691ce502f8783ba18e05ccdb03809 .gallery-zoom-ico:before {\n  font-size: 32px;\n  line-height: 44px;\n}\n.blog-shortcode.blog-list-shortcode-id-0f2691ce502f8783ba18e05ccdb03809 .gallery-zoom-ico > span,\n.blog-shortcode.blog-list-shortcode-id-0f2691ce502f8783ba18e05ccdb03809 .gallery-zoom-ico:before {\n  color: #ffffff;\n}\n.blog-shortcode.blog-list-shortcode-id-0f2691ce502f8783ba18e05ccdb03809 .fancy-date a {\n  background: #ffffff;\n  box-shadow: none;\n}\n.blog-shortcode.blog-list-shortcode-id-0f2691ce502f8783ba18e05ccdb03809 .fancy-date a * {\n  color: #2d2d2d;\n}\n.blog-shortcode.blog-list-shortcode-id-0f2691ce502f8783ba18e05ccdb03809 .entry-title,\n.blog-shortcode.blog-list-shortcode-id-0f2691ce502f8783ba18e05ccdb03809.owl-carousel .entry-title {\n  margin-bottom: 5px;\n  font-weight: bold;\n}\n.blog-shortcode.blog-list-shortcode-id-0f2691ce502f8783ba18e05ccdb03809 .entry-meta {\n  margin-bottom: 15px;\n}\n.blog-shortcode.blog-list-shortcode-id-0f2691ce502f8783ba18e05ccdb03809 .portfolio-categories {\n  margin-bottom: 15px;\n}\n.blog-shortcode.blog-list-shortcode-id-0f2691ce502f8783ba18e05ccdb03809 .entry-excerpt {\n  margin-bottom: 5px;\n}\n.blog-shortcode.blog-list-shortcode-id-0f2691ce502f8783ba18e05ccdb03809:not(.centered-layout-list) .post-entry-content {\n  padding: 25px 30px 30px 30px;\n}\n.blog-shortcode.blog-list-shortcode-id-0f2691ce502f8783ba18e05ccdb03809:not(.centered-layout-list):not(.content-bg-on):not(.mode-list) .no-img .post-entry-content {\n  padding: 0;\n}\n@media screen and (max-width: 768px) {\n  .blog-shortcode.blog-list-shortcode-id-0f2691ce502f8783ba18e05ccdb03809 article {\n    -ms-flex-flow: column nowrap;\n    flex-flow: column nowrap;\n    margin-top: 20px;\n  }\n  .blog-shortcode.blog-list-shortcode-id-0f2691ce502f8783ba18e05ccdb03809.dividers-on article {\n    border: none;\n  }\n  .blog-shortcode.blog-list-shortcode-id-0f2691ce502f8783ba18e05ccdb03809.content-bg-on.centered-layout-list article {\n    padding: 0;\n  }\n  .blog-shortcode.blog-list-shortcode-id-0f2691ce502f8783ba18e05ccdb03809.blog-shortcode.dividers-on article,\n  .blog-shortcode.blog-list-shortcode-id-0f2691ce502f8783ba18e05ccdb03809.dividers-on.classic-layout-list article {\n    margin-top: 20px;\n    padding: 0;\n  }\n  .blog-shortcode.blog-list-shortcode-id-0f2691ce502f8783ba18e05ccdb03809.blog-shortcode.dividers-on article:first-of-type,\n  .blog-shortcode.blog-list-shortcode-id-0f2691ce502f8783ba18e05ccdb03809.dividers-on.classic-layout-list article:first-of-type {\n    padding: 0;\n  }\n  #page .blog-shortcode.blog-list-shortcode-id-0f2691ce502f8783ba18e05ccdb03809 .post-thumbnail-wrap,\n  #page .blog-shortcode.blog-list-shortcode-id-0f2691ce502f8783ba18e05ccdb03809 .post-entry-content {\n    width: 100%;\n    margin: 0;\n    top: 0;\n  }\n  #page .blog-shortcode.blog-list-shortcode-id-0f2691ce502f8783ba18e05ccdb03809 .post-thumbnail-wrap {\n    padding: 0;\n  }\n  #page .blog-shortcode.blog-list-shortcode-id-0f2691ce502f8783ba18e05ccdb03809 .post-entry-content:after {\n    display: none;\n  }\n  #page .blog-shortcode.blog-list-shortcode-id-0f2691ce502f8783ba18e05ccdb03809 .project-even .post-thumbnail-wrap,\n  #page .blog-shortcode.blog-list-shortcode-id-0f2691ce502f8783ba18e05ccdb03809.centered-layout-list .post-thumbnail-wrap {\n    -ms-flex-order: 0;\n    order: 0;\n  }\n  #page .blog-shortcode.blog-list-shortcode-id-0f2691ce502f8783ba18e05ccdb03809.centered-layout-list .post-entry-title-content {\n    -ms-flex-order: 1;\n    order: 1;\n    width: 100%;\n    padding: 20px 20px 0;\n  }\n  #page .blog-shortcode.blog-list-shortcode-id-0f2691ce502f8783ba18e05ccdb03809.centered-layout-list .post-entry-content {\n    -ms-flex-order: 2;\n    order: 2;\n    padding-top: 0;\n  }\n  #page .blog-shortcode.blog-list-shortcode-id-0f2691ce502f8783ba18e05ccdb03809 .fancy-categories {\n    top: 10px;\n    left: 10px;\n    bottom: auto;\n    right: auto;\n  }\n  #page .blog-shortcode.blog-list-shortcode-id-0f2691ce502f8783ba18e05ccdb03809 .fancy-date a {\n    top: 10px;\n    right: 10px;\n    left: auto;\n    bottom: auto;\n  }\n  #page .blog-shortcode.blog-list-shortcode-id-0f2691ce502f8783ba18e05ccdb03809 .post-entry-content {\n    padding: 20px;\n  }\n  #page .blog-shortcode.blog-list-shortcode-id-0f2691ce502f8783ba18e05ccdb03809 .entry-title {\n    margin: 3px 0 5px;\n    font-size: 20px;\n    line-height: 26px;\n  }\n  #page .blog-shortcode.blog-list-shortcode-id-0f2691ce502f8783ba18e05ccdb03809 .entry-meta {\n    margin: 5px 0 5px;\n  }\n  #page .blog-shortcode.blog-list-shortcode-id-0f2691ce502f8783ba18e05ccdb03809 .entry-excerpt {\n    margin: 15px 0 0;\n  }\n  #page .blog-shortcode.blog-list-shortcode-id-0f2691ce502f8783ba18e05ccdb03809 .post-details {\n    margin: 5px 0 10px;\n  }\n  #page .blog-shortcode.blog-list-shortcode-id-0f2691ce502f8783ba18e05ccdb03809 .post-details.details-type-link {\n    margin-bottom: 2px;\n  }\n}<\/style><div class=\"articles-list blog-shortcode mode-list blog-list-shortcode-id-0f2691ce502f8783ba18e05ccdb03809 classic-layout-list content-bg-on jquery-filter scale-img dt-icon-bg-off loading-effect-fade-in\" data-cur-page=\"1\" data-post-limit=\"-1\" data-pagination-mode=\"none\"><article class=\"post project-odd visible no-img post-549 type-post status-publish format-standard hentry category-ikke-kategoriseret category-1 description-off\" data-name=\"Ridehallerne\" data-date=\"2020-02-03T13:09:20+01:00\">\n\n<div class=\"post-entry-content\">\n\n\t<h3 class=\"entry-title\">\n\t\t<a href=\"https:\/\/www.tjrideskole.dk\/index.php\/2020\/02\/03\/ridehallerne\/\" title=\"Ridehallerne\" rel=\"bookmark\">Ridehallerne<\/a>\n\t<\/h3>\n\n\t<div class=\"entry-meta\"><a href=\"https:\/\/www.tjrideskole.dk\/index.php\/2020\/02\/03\/\" title=\"13:09\" class=\"data-link\" rel=\"bookmark\"><time class=\"entry-date updated\" datetime=\"2020-02-03T13:09:20+01:00\">3. februar 2020<\/time><\/a><\/div>\n\t<div class=\"entry-excerpt\"><p>[vc_row][vc_column][vc_custom_heading text=&#8221;Ridehallerne&#8221; use_theme_fonts=&#8221;yes&#8221;][vc_column_text]Begge haller er blevet renoveret i 2019.[\/vc_column_text][\/vc_column][\/vc_row]<\/p>\n<\/div>\n\t\n<a href=\"https:\/\/www.tjrideskole.dk\/index.php\/2020\/02\/03\/ridehallerne\/\" class=\"post-details details-type-link\" aria-label=\"Read more about Ridehallerne\">L\u00e6s mere....<i class=\"dt-icon-the7-arrow-03\" aria-hidden=\"true\"><\/i><\/a>\n\n<\/div><\/article><article class=\"post project-odd visible no-img post-538 type-post status-publish format-standard hentry category-ikke-kategoriseret category-1 description-off\" data-name=\"Ridelejren 2019 stor succes\" data-date=\"2020-02-03T11:03:47+01:00\">\n\n<div class=\"post-entry-content\">\n\n\t<h3 class=\"entry-title\">\n\t\t<a href=\"https:\/\/www.tjrideskole.dk\/index.php\/2020\/02\/03\/ridelejren-2019-stor-succes\/\" title=\"Ridelejren 2019 stor succes\" rel=\"bookmark\">Ridelejren 2019 stor succes<\/a>\n\t<\/h3>\n\n\t<div class=\"entry-meta\"><a href=\"https:\/\/www.tjrideskole.dk\/index.php\/2020\/02\/03\/\" title=\"11:03\" class=\"data-link\" rel=\"bookmark\"><time class=\"entry-date updated\" datetime=\"2020-02-03T11:03:47+01:00\">3. februar 2020<\/time><\/a><\/div>\n\t<div class=\"entry-excerpt\"><p>[vc_row][vc_column][vc_custom_heading text=&#8221;Ridelejren 2019 stor succes&#8221; font_container=&#8221;tag:h2|text_align:left|color:%236b6b6b&#8221; use_theme_fonts=&#8221;yes&#8221;][vc_column_text]Hj\u00e6lpere, undervisere og ikke mindst b\u00f8rnene havde en fed weekend, med masser af sjov og hygge.[\/vc_column_text][\/vc_column][\/vc_row]<\/p>\n<\/div>\n\t\n<a href=\"https:\/\/www.tjrideskole.dk\/index.php\/2020\/02\/03\/ridelejren-2019-stor-succes\/\" class=\"post-details details-type-link\" aria-label=\"Read more about Ridelejren 2019 stor succes\">L\u00e6s mere....<i class=\"dt-icon-the7-arrow-03\" aria-hidden=\"true\"><\/i><\/a>\n\n<\/div><\/article><article class=\"post project-odd visible no-img post-107 type-post status-publish format-standard hentry category-ikke-kategoriseret category-1 description-off\" data-name=\"Ridelejr 2015\" data-date=\"2015-07-25T15:14:09+02:00\">\n\n<div class=\"post-entry-content\">\n\n\t<h3 class=\"entry-title\">\n\t\t<a href=\"https:\/\/www.tjrideskole.dk\/index.php\/2015\/07\/25\/107\/\" title=\"Ridelejr 2015\" rel=\"bookmark\">Ridelejr 2015<\/a>\n\t<\/h3>\n\n\t<div class=\"entry-meta\"><a href=\"https:\/\/www.tjrideskole.dk\/index.php\/2015\/07\/25\/\" title=\"15:14\" class=\"data-link\" rel=\"bookmark\"><time class=\"entry-date updated\" datetime=\"2015-07-25T15:14:09+02:00\">25. juli 2015<\/time><\/a><\/div>\n\t<div class=\"entry-excerpt\"><p>[vc_row][vc_column][vc_custom_heading text=&#8221;Ridelejr 2015&#8243; font_container=&#8221;tag:h2|text_align:left|color:%236b6b6b&#8221; use_theme_fonts=&#8221;yes&#8221;][vc_column_text]S\u00e5 er tiden atter kommet til \u00e5rets helt store event:\u00a0Tj\u00e6reborg Rideskoles ridelejr. Lejren er i \u00e5r fra d. fredag d. 26 juni til s\u00f8ndag d. 28 juni. Kom og v\u00e6r med \u2013 det bliver super sjovt! Se n\u00e6rmere program her:\u00a0Program 2015[\/vc_column_text][\/vc_column][\/vc_row]<\/p>\n<\/div>\n\t\n<a href=\"https:\/\/www.tjrideskole.dk\/index.php\/2015\/07\/25\/107\/\" class=\"post-details details-type-link\" aria-label=\"Read more about Ridelejr 2015\">L\u00e6s mere....<i class=\"dt-icon-the7-arrow-03\" aria-hidden=\"true\"><\/i><\/a>\n\n<\/div><\/article><\/div>[\/vc_column][\/vc_row][vc_row][vc_column][\/vc_column][\/vc_row]<\/p>\n<\/div>","protected":false},"excerpt":{"rendered":"<p>[vc_row css=&#8221;.vc_custom_1581508378904{margin-bottom: 30px !important;}&#8221;][vc_column css=&#8221;.vc_custom_1581508366384{background-color: #f8f8f8 !important;}&#8221;][vc_custom_heading text=&#8221;Tj\u00e6reborg Rideskole s\u00f8ger ny samarbejdspartner&#8221; font_container=&#8221;tag:h3|text_align:left&#8221; google_fonts=&#8221;font_family:Roboto%3A100%2C100italic%2C300%2C300italic%2Cregular%2Citalic%2C500%2C500italic%2C700%2C700italic%2C900%2C900italic|font_style:700%20bold%20regular%3A700%3Anormal&#8221; css=&#8221;.vc_custom_1581508233673{margin-left: 30px !important;}&#8221; link=&#8221;url:http%3A%2F%2Fwww.tjrideskole.dk%2Findex.php%2Ftjaereborg-rideskole-soeger-ny-samarbejdspartner%2F|title:Tj%C3%A6reborg%20Rideskole%20s%C3%B8ger%20ny%20samarbejdspartner||&#8221;][vc_column_text css=&#8221;.vc_custom_1581509666590{margin-left: 30px !important;}&#8221;] 12. februar 2020 Tj\u00e6reborg Rideskole s\u00f8ger en ny samarbejdspartner til undervisning af opstaldede og udefrakommende ryttere. Er du en frisk berider, med eget initiativ, og lyst til at k\u00f8re egen forretning ud fra Tj\u00e6reborg&hellip;<\/p>\n","protected":false},"author":2,"featured_media":0,"parent":0,"menu_order":0,"comment_status":"closed","ping_status":"closed","template":"","meta":{"footnotes":""},"class_list":["post-21","page","type-page","status-publish","hentry","description-off"],"_links":{"self":[{"href":"https:\/\/www.tjrideskole.dk\/index.php\/wp-json\/wp\/v2\/pages\/21","targetHints":{"allow":["GET"]}}],"collection":[{"href":"https:\/\/www.tjrideskole.dk\/index.php\/wp-json\/wp\/v2\/pages"}],"about":[{"href":"https:\/\/www.tjrideskole.dk\/index.php\/wp-json\/wp\/v2\/types\/page"}],"author":[{"embeddable":true,"href":"https:\/\/www.tjrideskole.dk\/index.php\/wp-json\/wp\/v2\/users\/2"}],"replies":[{"embeddable":true,"href":"https:\/\/www.tjrideskole.dk\/index.php\/wp-json\/wp\/v2\/comments?post=21"}],"version-history":[{"count":15,"href":"https:\/\/www.tjrideskole.dk\/index.php\/wp-json\/wp\/v2\/pages\/21\/revisions"}],"predecessor-version":[{"id":582,"href":"https:\/\/www.tjrideskole.dk\/index.php\/wp-json\/wp\/v2\/pages\/21\/revisions\/582"}],"wp:attachment":[{"href":"https:\/\/www.tjrideskole.dk\/index.php\/wp-json\/wp\/v2\/media?parent=21"}],"curies":[{"name":"wp","href":"https:\/\/api.w.org\/{rel}","templated":true}]}}