{"id":23,"date":"2017-07-21T11:38:43","date_gmt":"2017-07-21T09:38:43","guid":{"rendered":"http:\/\/172.18.1.104\/?page_id=23"},"modified":"2025-08-05T10:54:39","modified_gmt":"2025-08-05T08:54:39","slug":"priser","status":"publish","type":"page","link":"https:\/\/www.tjrideskole.dk\/index.php\/priser\/","title":{"rendered":"Priser"},"content":{"rendered":"<div class=\"wpb-content-wrapper\"><p>[vc_row][vc_column][vc_column_text css=&#8221;.vc_custom_1754384067507{background-color: #ffffff !important;border-radius: 10px !important;}&#8221; el_class=&#8221;top&#8221;]<\/p>\n<div style=\"overflow-x: auto;\">\n<table cellspacing=\"10px\">\n<tbody>\n<tr class=\"tableheader\">\n<td class=\"intro_title\" style=\"text-align: center;\" colspan=\"4\">\n<h2>Opstaldning<\/h2>\n<\/td>\n<\/tr>\n<tr class=\"dark\">\n<td>Opstaldning i boks, incl. facilitetskort Prisen indeholder f\u00f8lgende:<\/p>\n<ul>\n<li>Fodring 3 gange om dagen, vi fodre med Equifirst, b\u00e5de tilskud til havre og havrefri<\/li>\n<li>Halm en gang om dagen<\/li>\n<li>Udmugning en gang i ugen<\/li>\n<li>Der gives h\u00f8\/wrap om morgen, hvis det h\u00e6nger p\u00e5 boksen.<\/li>\n<\/ul>\n<p>Alt dette udf\u00f8res af staldpersonalet.<\/td>\n<td class=\"top\">kr.<\/td>\n<td class=\"top\">1.850,00<\/td>\n<td class=\"top\">pr. m\u00e5ned<\/td>\n<\/tr>\n<tr class=\"dark\">\n<td>Opstaldning i stor boks, incl. facilitetskort Prisen indeholder f\u00f8lgende:<\/p>\n<ul>\n<li>Fodring 3 gange om dagen, vi fodre med Equifirst, b\u00e5de tilskud til havre og havrefri<\/li>\n<li>Halm en gang om dagen<\/li>\n<li>Udmugning en gang i ugen<\/li>\n<li>Der gives h\u00f8\/wrap om morgen, hvis det h\u00e6nger p\u00e5 boksen.<\/li>\n<\/ul>\n<p>Alt dette udf\u00f8res af staldpersonalet.<\/td>\n<td class=\"top\">kr.<\/td>\n<td class=\"top\">2.150,00<\/td>\n<td class=\"top\">pr. m\u00e5ned<\/td>\n<\/tr>\n<tr>\n<td>Opstaldning i ponyboks (pony), incl. facilitetskort. Prisen indeholder f\u00f8lgende:<\/p>\n<ul>\n<li>Fodring 3 gange om dagen<\/li>\n<li>Halm en gang om dagen<\/li>\n<li>Udmugning en gang i ugen<\/li>\n<li>Der gives h\u00f8\/wrap om morgen, hvis det h\u00e6nger p\u00e5 boksen.<\/li>\n<\/ul>\n<p>Alt dette udf\u00f8res af staldpersonalet.<\/td>\n<td class=\"top\">kr.<\/td>\n<td class=\"top\">1.550,00<\/td>\n<td class=\"top\">pr. m\u00e5ned<\/td>\n<\/tr>\n<tr>\n<td>Till\u00e6g for sp\u00e5neboks (aftales med daglig leder)<br \/>\ndette inkluderer 1 s\u00e6k pr. uge. Prisen indeholder f\u00f8lgende:<\/p>\n<ul>\n<li>Fodring 3 gange om dagen<\/li>\n<li>Der gives h\u00f8\/wrap om morgen, hvis det h\u00e6nger p\u00e5 boksen.<\/li>\n<\/ul>\n<p>Alt dette udf\u00f8res af staldpersonalet.<br \/>\n<b>Bem\u00e6rk:<\/b> Du skal selv ordne boksen.<\/td>\n<td class=\"top\">kr.<\/td>\n<td class=\"top\">300,00<\/td>\n<td class=\"top\">pr. m\u00e5ned<\/td>\n<\/tr>\n<tr>\n<td>Ud over dette afregnes efter forbrug<\/td>\n<td class=\"top\">kr.<\/td>\n<td class=\"top\">100,00<\/td>\n<td class=\"top\">pr. s\u00e6k<\/td>\n<\/tr>\n<tr class=\"tableheader\">\n<td class=\"intro_title\" style=\"text-align: center;\" colspan=\"4\">\n<h2>Reservation<\/h2>\n<\/td>\n<\/tr>\n<tr>\n<td>Reservation af boks i maks. 3 mdr. incl. juli. Prisen indeholder f\u00f8lgende:<\/p>\n<ul>\n<li>Man er sikker p\u00e5 at boksen st\u00e5r ledig n\u00e5r man kommer ind.<\/li>\n<li>Boksen st\u00e5r til r\u00e5dighed hele perioden.<\/li>\n<\/ul>\n<\/td>\n<td class=\"top\">kr.<\/td>\n<td class=\"top\">625,00<\/td>\n<td class=\"top\">pr. m\u00e5ned<\/td>\n<\/tr>\n<tr>\n<td>Reservation af boks, pony, i maks. 3 mdr. incl. juli. Prisen indeholder f\u00f8lgende:<\/p>\n<ul>\n<li>Man er sikker p\u00e5 at boksen st\u00e5r ledig n\u00e5r man kommer ind.<\/li>\n<li>Boksen st\u00e5r til r\u00e5dighed hele perioden.<\/li>\n<\/ul>\n<\/td>\n<td class=\"top\">kr.<\/td>\n<td class=\"top\">525,00<\/td>\n<td class=\"top\">pr. m\u00e5ned<\/td>\n<\/tr>\n<tr class=\"tableheader\">\n<td class=\"intro_title\" style=\"text-align: center;\" colspan=\"4\">\n<h2>Ekstra udgifter<\/h2>\n<\/td>\n<\/tr>\n<tr>\n<td>Ind og udlukning Prisen indeholder f\u00f8lgende:<\/p>\n<ul>\n<li>Ud- og indlukning af hesten alle hverdage. Weekend og helligdage er det ens eget ansvar)<\/li>\n<li>Hesten skal st\u00e5 med det den skal lukkes ud med<\/li>\n<li>Hesten bliver lukket ud om formiddagen i ca. 2-3 timer<\/li>\n<li>Hvis hesten er forhindret om formiddagen, er det ens eget ansvar at lukke den ud og ind.<\/li>\n<\/ul>\n<\/td>\n<td class=\"top\">kr.<\/td>\n<td class=\"top\">300,00<\/td>\n<td class=\"top\">pr. m\u00e5ned<\/td>\n<\/tr>\n<tr>\n<td>Wrap ordning Prisen indeholder f\u00f8lgende:<\/p>\n<ul>\n<li>6 kg wrap<\/li>\n<li>Gives om formiddagen (af stald personalet)<\/li>\n<li>Ordningen k\u00f8rer fra ca. d. 1 okt til d. 1 april alle ugens dage<\/li>\n<\/ul>\n<\/td>\n<td class=\"top\">kr.<\/td>\n<td class=\"top\">300,00<\/td>\n<td class=\"top\">pr. m\u00e5ned<\/td>\n<\/tr>\n<tr class=\"tableheader\">\n<td class=\"intro_title\" style=\"text-align: center;\" colspan=\"4\">\n<h2>Facilitetskort<\/h2>\n<\/td>\n<\/tr>\n<tr>\n<td style=\"min-width: 300px;\">For ikke opstaldede heste (f\u00f8lger rytteren, dog maks. 2 heste).<\/td>\n<td class=\"top\">kr.<\/td>\n<td class=\"top\">400,00<\/td>\n<td class=\"top\">pr. m\u00e5ned<\/td>\n<\/tr>\n<tr>\n<td style=\"min-width: 300px;\">Med boks reservation (f\u00f8lger hesten)<\/td>\n<td class=\"top\">kr.<\/td>\n<td class=\"top\">150,00<\/td>\n<td class=\"top\">pr. m\u00e5ned<\/td>\n<\/tr>\n<tr>\n<td style=\"min-width: 300px;\">Leje af faciliteter ved undervisning<\/td>\n<td class=\"top\">kr.<\/td>\n<td class=\"top\">50,00<\/td>\n<td class=\"top\">pr. gang<\/td>\n<\/tr>\n<tr>\n<td style=\"min-width: 300px;\">Engangs facilitetskort (max. 2 gange pr. m\u00e5ned)<\/td>\n<td class=\"top\">kr.<\/td>\n<td class=\"top\">50,00<\/td>\n<td class=\"top\">pr. gang<\/td>\n<\/tr>\n<tr class=\"tableheader\">\n<td class=\"intro_title\" style=\"text-align: center;\" colspan=\"4\">\n<h2>Undervisning<\/h2>\n<\/td>\n<\/tr>\n<tr>\n<td style=\"min-width: 300px;\">P\u00e5 hold<\/td>\n<td class=\"top\">kr.<\/td>\n<td class=\"top\">275,00<\/td>\n<td class=\"top\">pr. m\u00e5ned<\/td>\n<\/tr>\n<\/tbody>\n<\/table>\n<\/div>\n<p>[\/vc_column_text][\/vc_column][\/vc_row]<\/p>\n<\/div>","protected":false},"excerpt":{"rendered":"<p>[vc_row][vc_column][vc_column_text css=&#8221;.vc_custom_1754384067507{background-color: #ffffff !important;border-radius: 10px !important;}&#8221; el_class=&#8221;top&#8221;] Opstaldning Opstaldning i boks, incl. facilitetskort Prisen indeholder f\u00f8lgende: Fodring 3 gange om dagen, vi fodre med Equifirst, b\u00e5de tilskud til havre og havrefri Halm en gang om dagen Udmugning en gang i ugen Der gives h\u00f8\/wrap om morgen, hvis det h\u00e6nger p\u00e5 boksen. Alt dette udf\u00f8res af&hellip;<\/p>\n","protected":false},"author":2,"featured_media":0,"parent":0,"menu_order":0,"comment_status":"closed","ping_status":"closed","template":"","meta":{"footnotes":""},"class_list":["post-23","page","type-page","status-publish","hentry","description-off"],"_links":{"self":[{"href":"https:\/\/www.tjrideskole.dk\/index.php\/wp-json\/wp\/v2\/pages\/23","targetHints":{"allow":["GET"]}}],"collection":[{"href":"https:\/\/www.tjrideskole.dk\/index.php\/wp-json\/wp\/v2\/pages"}],"about":[{"href":"https:\/\/www.tjrideskole.dk\/index.php\/wp-json\/wp\/v2\/types\/page"}],"author":[{"embeddable":true,"href":"https:\/\/www.tjrideskole.dk\/index.php\/wp-json\/wp\/v2\/users\/2"}],"replies":[{"embeddable":true,"href":"https:\/\/www.tjrideskole.dk\/index.php\/wp-json\/wp\/v2\/comments?post=23"}],"version-history":[{"count":37,"href":"https:\/\/www.tjrideskole.dk\/index.php\/wp-json\/wp\/v2\/pages\/23\/revisions"}],"predecessor-version":[{"id":1304,"href":"https:\/\/www.tjrideskole.dk\/index.php\/wp-json\/wp\/v2\/pages\/23\/revisions\/1304"}],"wp:attachment":[{"href":"https:\/\/www.tjrideskole.dk\/index.php\/wp-json\/wp\/v2\/media?parent=23"}],"curies":[{"name":"wp","href":"https:\/\/api.w.org\/{rel}","templated":true}]}}