{"id":572,"date":"2020-02-12T12:49:16","date_gmt":"2020-02-12T11:49:16","guid":{"rendered":"http:\/\/www.tjrideskole.dk\/?page_id=572"},"modified":"2020-02-13T13:01:39","modified_gmt":"2020-02-13T12:01:39","slug":"tjaereborg-rideskole-soeger-ny-samarbejdspartner","status":"publish","type":"page","link":"https:\/\/www.tjrideskole.dk\/index.php\/tjaereborg-rideskole-soeger-ny-samarbejdspartner\/","title":{"rendered":"Tj\u00e6reborg Rideskole s\u00f8ger ny samarbejdspartner"},"content":{"rendered":"<div class=\"wpb-content-wrapper\"><p>[vc_row][vc_column][vc_custom_heading text=&#8221;Tj\u00e6reborg Rideskole s\u00f8ger ny samarbejdspartner&#8221; font_container=&#8221;tag:h2|text_align:left|color:%236b6b6b&#8221; google_fonts=&#8221;font_family:Roboto%3A100%2C100italic%2C300%2C300italic%2Cregular%2Citalic%2C500%2C500italic%2C700%2C700italic%2C900%2C900italic|font_style:400%20regular%3A400%3Anormal&#8221; css=&#8221;.vc_custom_1581508086946{margin-bottom: 30px !important;}&#8221;][\/vc_column][\/vc_row][vc_row][vc_column][vc_column_text]<\/p>\n<div class=\"wpb_text_column wpb_content_element \">\n<div class=\"wpb_wrapper\">\n<p>Tj\u00e6reborg Rideskole er en mellemstor, rolig rideskole med plads til 43 heste.<br \/>\nVi ligger v\u00e6gt p\u00e5 et godt sammenhold.<\/p>\n<p><strong>Vi kan tilbyde:<\/strong><\/p>\n<ul>\n<li>8 bokse<\/li>\n<li>Fuldpas:\n<ul>\n<li>Foder 3 gange dagligt<\/li>\n<li>Udluk alle ugens dage<\/li>\n<li>H\u00f8<\/li>\n<\/ul>\n<\/li>\n<li>Der er 9 sommer (gr\u00e6s) folde og 8 vinter (sand) folde<\/li>\n<li>Lejlighed 61 m<sup>2 <\/sup>, m \/ f\u00e6lles garage<\/li>\n<\/ul>\n<p><strong>Vi \u00f8nsker du skal:<\/strong><\/p>\n<ul>\n<li>Undervise opstaldede og udefra kommende<\/li>\n<li>Indg\u00e5 i undervisning af elevskolen<\/li>\n<li>Deltage i arrangementer<\/li>\n<\/ul>\n<p>Hvis dette har fanget din interesse s\u00e5 kontakt Sandra tlf. 24287839 eller Marianne tlf. 24287880.<\/p>\n<\/div>\n<\/div>\n<p>[\/vc_column_text][\/vc_column][\/vc_row]<\/p>\n<\/div>","protected":false},"excerpt":{"rendered":"<p>[vc_row][vc_column][vc_custom_heading text=&#8221;Tj\u00e6reborg Rideskole s\u00f8ger ny samarbejdspartner&#8221; font_container=&#8221;tag:h2|text_align:left|color:%236b6b6b&#8221; google_fonts=&#8221;font_family:Roboto%3A100%2C100italic%2C300%2C300italic%2Cregular%2Citalic%2C500%2C500italic%2C700%2C700italic%2C900%2C900italic|font_style:400%20regular%3A400%3Anormal&#8221; css=&#8221;.vc_custom_1581508086946{margin-bottom: 30px !important;}&#8221;][\/vc_column][\/vc_row][vc_row][vc_column][vc_column_text] Tj\u00e6reborg Rideskole er en mellemstor, rolig rideskole med plads til 43 heste. Vi ligger v\u00e6gt p\u00e5 et godt sammenhold. Vi kan tilbyde: 8 bokse Fuldpas: Foder 3 gange dagligt Udluk alle ugens dage H\u00f8 Der er 9 sommer (gr\u00e6s) folde og 8 vinter (sand)&hellip;<\/p>\n","protected":false},"author":3,"featured_media":0,"parent":0,"menu_order":0,"comment_status":"closed","ping_status":"closed","template":"","meta":{"footnotes":""},"class_list":["post-572","page","type-page","status-publish","hentry","description-off"],"_links":{"self":[{"href":"https:\/\/www.tjrideskole.dk\/index.php\/wp-json\/wp\/v2\/pages\/572","targetHints":{"allow":["GET"]}}],"collection":[{"href":"https:\/\/www.tjrideskole.dk\/index.php\/wp-json\/wp\/v2\/pages"}],"about":[{"href":"https:\/\/www.tjrideskole.dk\/index.php\/wp-json\/wp\/v2\/types\/page"}],"author":[{"embeddable":true,"href":"https:\/\/www.tjrideskole.dk\/index.php\/wp-json\/wp\/v2\/users\/3"}],"replies":[{"embeddable":true,"href":"https:\/\/www.tjrideskole.dk\/index.php\/wp-json\/wp\/v2\/comments?post=572"}],"version-history":[{"count":9,"href":"https:\/\/www.tjrideskole.dk\/index.php\/wp-json\/wp\/v2\/pages\/572\/revisions"}],"predecessor-version":[{"id":584,"href":"https:\/\/www.tjrideskole.dk\/index.php\/wp-json\/wp\/v2\/pages\/572\/revisions\/584"}],"wp:attachment":[{"href":"https:\/\/www.tjrideskole.dk\/index.php\/wp-json\/wp\/v2\/media?parent=572"}],"curies":[{"name":"wp","href":"https:\/\/api.w.org\/{rel}","templated":true}]}}