{"id":7,"date":"2017-07-21T11:36:53","date_gmt":"2017-07-21T09:36:53","guid":{"rendered":"http:\/\/172.18.1.104\/?page_id=7"},"modified":"2021-10-25T13:20:34","modified_gmt":"2021-10-25T11:20:34","slug":"elevheste","status":"publish","type":"page","link":"https:\/\/www.tjrideskole.dk\/index.php\/elevheste\/","title":{"rendered":"Elevheste"},"content":{"rendered":"<div class=\"wpb-content-wrapper\"><p>[vc_row margin_bottom=&#8221;30px&#8221; css=&#8221;.vc_custom_1580806543978{margin-bottom: 40px !important;}&#8221;][vc_column][vc_custom_heading text=&#8221;Elevheste&#8221; font_container=&#8221;tag:h2|text_align:left|color:%236b6b6b&#8221; use_theme_fonts=&#8221;yes&#8221;][\/vc_column][\/vc_row][vc_row margin_bottom=&#8221;50px&#8221; css=&#8221;.vc_custom_1580806216475{margin-bottom: 30px !important;}&#8221;][vc_column width=&#8221;1\/2&#8243;][vc_single_image image=&#8221;1194&#8243; img_size=&#8221;medium&#8221; alignment=&#8221;center&#8221; style=&#8221;vc_box_shadow_3d&#8221; onclick=&#8221;link_image&#8221;][vc_column_text]<\/p>\n<p style=\"text-align: center;\"><strong>Dolly<\/strong> er en kat. 2 pony fra 2012,<br \/>\nhun har v\u00e6ret hos os siden 2019.<\/p>\n<p>[\/vc_column_text][\/vc_column][vc_column width=&#8221;1\/2&#8243;][vc_single_image image=&#8221;557&#8243; img_size=&#8221;medium&#8221; alignment=&#8221;center&#8221; style=&#8221;vc_box_shadow_3d&#8221; onclick=&#8221;link_image&#8221;][vc_column_text]<\/p>\n<p style=\"text-align: center;\"><strong>Baloo <\/strong>er en kat. 2 pony fra 2003,<br \/>\nhan har v\u00e6ret hos os siden 2018.<\/p>\n<p>[\/vc_column_text][\/vc_column][\/vc_row][vc_row margin_bottom=&#8221;50px&#8221;][vc_column width=&#8221;1\/2&#8243;][vc_single_image image=&#8221;1193&#8243; img_size=&#8221;medium&#8221; alignment=&#8221;center&#8221; style=&#8221;vc_box_shadow_3d&#8221; onclick=&#8221;link_image&#8221;][vc_column_text]<\/p>\n<p style=\"text-align: center;\"><strong>Calle <\/strong>er en kat. 1 pony fra 2004,<br \/>\nhan har v\u00e6ret hos os siden 2018.<\/p>\n<p>[\/vc_column_text][\/vc_column][vc_column width=&#8221;1\/2&#8243;][vc_single_image image=&#8221;1197&#8243; img_size=&#8221;medium&#8221; alignment=&#8221;center&#8221; style=&#8221;vc_box_shadow_3d&#8221; onclick=&#8221;link_image&#8221;][vc_column_text]<\/p>\n<p style=\"text-align: center;\"><strong>Trunte <\/strong>er en lille hest fra 2010,<br \/>\nhun har v\u00e6ret hos os siden 2019.<\/p>\n<p>[\/vc_column_text][\/vc_column][\/vc_row][vc_row margin_bottom=&#8221;50px&#8221;][vc_column width=&#8221;1\/2&#8243;][vc_single_image image=&#8221;1196&#8243; img_size=&#8221;medium&#8221; alignment=&#8221;center&#8221; style=&#8221;vc_box_shadow_3d&#8221; onclick=&#8221;link_image&#8221;][vc_column_text]<\/p>\n<p style=\"text-align: center;\"><strong>Luna <\/strong>er en lille hest fra 2007,<br \/>\nhun har v\u00e6ret hos os siden 2015.<\/p>\n<p>[\/vc_column_text][\/vc_column][vc_column width=&#8221;1\/2&#8243;][vc_single_image image=&#8221;557&#8243; img_size=&#8221;medium&#8221; alignment=&#8221;center&#8221; style=&#8221;vc_box_shadow_3d&#8221; onclick=&#8221;link_image&#8221;][vc_column_text]<\/p>\n<p style=\"text-align: center;\"><strong>Dixie <\/strong>er en lille hest fra 2004,<br \/>\nhun har v\u00e6ret hos os siden 2014.<\/p>\n<p>[\/vc_column_text][\/vc_column][\/vc_row][vc_row css=&#8221;.vc_custom_1580806326875{margin-bottom: 50px !important;}&#8221;][vc_column width=&#8221;1\/2&#8243;][vc_single_image image=&#8221;1195&#8243; img_size=&#8221;medium&#8221; alignment=&#8221;center&#8221; style=&#8221;vc_box_shadow_3d&#8221; onclick=&#8221;link_image&#8221;][vc_column_text]<\/p>\n<p style=\"text-align: center;\"><strong>Sir Lucas <\/strong>er en hest fra 2009,<br \/>\nhan har v\u00e6ret hos os siden 2019.<\/p>\n<p>[\/vc_column_text][\/vc_column][vc_column width=&#8221;1\/2&#8243;][vc_single_image image=&#8221;31&#8243; alignment=&#8221;center&#8221;][vc_column_text]<\/p>\n<p style=\"text-align: center;\"><strong>Buster<\/strong> er en hest fra 2003, han har v\u00e6ret hos os siden 2007.<\/p>\n<p style=\"text-align: center;\">Han er en s\u00f8d og rar hest, kan b\u00e5de g\u00e5 med de store og sm\u00e5.<\/p>\n<p>[\/vc_column_text][\/vc_column][\/vc_row]<\/p>\n<\/div>","protected":false},"excerpt":{"rendered":"<p>[vc_row margin_bottom=&#8221;30px&#8221; css=&#8221;.vc_custom_1580806543978{margin-bottom: 40px !important;}&#8221;][vc_column][vc_custom_heading text=&#8221;Elevheste&#8221; font_container=&#8221;tag:h2|text_align:left|color:%236b6b6b&#8221; use_theme_fonts=&#8221;yes&#8221;][\/vc_column][\/vc_row][vc_row margin_bottom=&#8221;50px&#8221; css=&#8221;.vc_custom_1580806216475{margin-bottom: 30px !important;}&#8221;][vc_column width=&#8221;1\/2&#8243;][vc_single_image image=&#8221;1194&#8243; img_size=&#8221;medium&#8221; alignment=&#8221;center&#8221; style=&#8221;vc_box_shadow_3d&#8221; onclick=&#8221;link_image&#8221;][vc_column_text] Dolly er en kat. 2 pony fra 2012, hun har v\u00e6ret hos os siden 2019. [\/vc_column_text][\/vc_column][vc_column width=&#8221;1\/2&#8243;][vc_single_image image=&#8221;557&#8243; img_size=&#8221;medium&#8221; alignment=&#8221;center&#8221; style=&#8221;vc_box_shadow_3d&#8221; onclick=&#8221;link_image&#8221;][vc_column_text] Baloo er en kat. 2 pony fra 2003, han har v\u00e6ret hos os siden 2018.&hellip;<\/p>\n","protected":false},"author":2,"featured_media":0,"parent":0,"menu_order":0,"comment_status":"closed","ping_status":"closed","template":"","meta":{"footnotes":""},"class_list":["post-7","page","type-page","status-publish","hentry","description-off"],"_links":{"self":[{"href":"https:\/\/www.tjrideskole.dk\/index.php\/wp-json\/wp\/v2\/pages\/7","targetHints":{"allow":["GET"]}}],"collection":[{"href":"https:\/\/www.tjrideskole.dk\/index.php\/wp-json\/wp\/v2\/pages"}],"about":[{"href":"https:\/\/www.tjrideskole.dk\/index.php\/wp-json\/wp\/v2\/types\/page"}],"author":[{"embeddable":true,"href":"https:\/\/www.tjrideskole.dk\/index.php\/wp-json\/wp\/v2\/users\/2"}],"replies":[{"embeddable":true,"href":"https:\/\/www.tjrideskole.dk\/index.php\/wp-json\/wp\/v2\/comments?post=7"}],"version-history":[{"count":13,"href":"https:\/\/www.tjrideskole.dk\/index.php\/wp-json\/wp\/v2\/pages\/7\/revisions"}],"predecessor-version":[{"id":1201,"href":"https:\/\/www.tjrideskole.dk\/index.php\/wp-json\/wp\/v2\/pages\/7\/revisions\/1201"}],"wp:attachment":[{"href":"https:\/\/www.tjrideskole.dk\/index.php\/wp-json\/wp\/v2\/media?parent=7"}],"curies":[{"name":"wp","href":"https:\/\/api.w.org\/{rel}","templated":true}]}}